{"id":115,"date":"2015-01-26T16:57:36","date_gmt":"2015-01-26T14:57:36","guid":{"rendered":"http:\/\/brings-online.com\/demo\/wplegal\/?page_id=115"},"modified":"2017-06-28T08:55:27","modified_gmt":"2017-06-28T06:55:27","slug":"impressum","status":"publish","type":"page","link":"https:\/\/www.rechtsanwalt-m\u00fccke.de\/wp\/?page_id=115","title":{"rendered":"Impressum"},"content":{"rendered":"<p><span style=\"font-family: Verdana,Tahoma,Arial,Helvetica,Sans-serif,sans-serif;\">Rechtsanwalt<br \/>\nRalf-Peter M\u00fccke<br \/>\nHessenweg 13<br \/>\n48465 Sch\u00fcttorf<\/span><\/p>\n<p><span style=\"font-family: Verdana,Tahoma,Arial,Helvetica,Sans-serif,sans-serif;\">Tel.: 05923 \/ 9930027<\/span><\/p>\n<p><span style=\"font-family: Verdana,Tahoma,Arial,Helvetica,Sans-serif,sans-serif;\">Fax: 05923 \/ 9930028<\/span><\/p>\n<p><span style=\"font-family: Verdana,Tahoma,Arial,Helvetica,Sans-serif,sans-serif;\">E-Mail: <\/span><a>rm@fd0.org<\/a><\/p>\n<p><span style=\"font-family: Verdana,Tahoma,Arial,Helvetica,Sans-serif,sans-serif;\">Ich bin Rechtsanwalt (BRD) und geh\u00f6re folgender Rechtsanwaltskammer an:<\/span><\/p>\n<p><span style=\"font-family: Verdana,Tahoma,Arial,Helvetica,Sans-serif,sans-serif;\">Rechtsanwaltskammer Oldenburg<br \/>\nStaugraben 5<br \/>\n26122 Oldenburg<br \/>\n<\/span><\/p>\n<p><span style=\"font-family: Verdana,Tahoma,Arial,Helvetica,Sans-serif,sans-serif;\">Umsatzsteueridenfikationsnummer DE-241681148<\/span><\/p>\n<p align=\"RIGHT\"><span style=\"font-family: Arial,Helvetica,Geneva,Sans-serif,sans-serif;\">\u00a0<\/span><\/p>\n<p><span style=\"font-family: Verdana,Tahoma,Arial,Helvetica,Sans-serif,sans-serif;\">Es gelten folgende berufsrechtliche Regelungen:<br \/>\nBundesrechtsanwaltsordnung (BRAO)<br \/>\nBerufsordnung f\u00fcr Rechtsanw\u00e4lte (BORA)<br \/>\nRechtsanwaltsverg\u00fctungsgesetz (RVG)<br \/>\nFachanwaltsordnung (FAO)<br \/>\nBerufsregeln der Rechtsanw\u00e4lte der Europ\u00e4ischen Gemeinschaften (CCBE)<\/span><\/p>\n<p><span style=\"font-family: Verdana,Tahoma,Arial,Helvetica,Sans-serif,sans-serif;\">Diese Vorschriften k\u00f6nnen unter <\/span><a href=\"http:\/\/www.brak.de\/\">www.brak.de<\/a><span style=\"font-family: Verdana,Tahoma,Arial,Helvetica,Sans-serif,sans-serif;\"> nachgelesen werden.<\/span><\/p>\n<p><span style=\"font-family: Verdana,Tahoma,Arial,Helvetica,Sans-serif,sans-serif;\">F\u00fcr die Inhalte zu fremden verlinkten Internetseiten wird keine Haftung \u00fcbernommen.<\/span><\/p>\n","protected":false},"excerpt":{"rendered":"<p>Rechtsanwalt Ralf-Peter M\u00fccke Hessenweg 13 48465 Sch\u00fcttorf Tel.: 05923 \/ 9930027 Fax: 05923 \/ 9930028 E-Mail: rm@fd0.org Ich bin Rechtsanwalt (BRD) und geh\u00f6re folgender Rechtsanwaltskammer an: Rechtsanwaltskammer Oldenburg Staugraben 5 26122 Oldenburg Umsatzsteueridenfikationsnummer DE-241681148 \u00a0 Es gelten folgende berufsrechtliche Regelungen: Bundesrechtsanwaltsordnung (BRAO) Berufsordnung f\u00fcr Rechtsanw\u00e4lte (BORA) Rechtsanwaltsverg\u00fctungsgesetz (RVG) Fachanwaltsordnung (FAO) Berufsregeln der Rechtsanw\u00e4lte der Europ\u00e4ischen [&hellip;]<\/p>\n","protected":false},"author":1,"featured_media":0,"parent":208,"menu_order":0,"comment_status":"open","ping_status":"closed","template":"","meta":{"footnotes":""},"class_list":["post-115","page","type-page","status-publish","hentry"],"_links":{"self":[{"href":"https:\/\/www.rechtsanwalt-m\u00fccke.de\/wp\/index.php?rest_route=\/wp\/v2\/pages\/115","targetHints":{"allow":["GET"]}}],"collection":[{"href":"https:\/\/www.rechtsanwalt-m\u00fccke.de\/wp\/index.php?rest_route=\/wp\/v2\/pages"}],"about":[{"href":"https:\/\/www.rechtsanwalt-m\u00fccke.de\/wp\/index.php?rest_route=\/wp\/v2\/types\/page"}],"author":[{"embeddable":true,"href":"https:\/\/www.rechtsanwalt-m\u00fccke.de\/wp\/index.php?rest_route=\/wp\/v2\/users\/1"}],"replies":[{"embeddable":true,"href":"https:\/\/www.rechtsanwalt-m\u00fccke.de\/wp\/index.php?rest_route=%2Fwp%2Fv2%2Fcomments&post=115"}],"version-history":[{"count":4,"href":"https:\/\/www.rechtsanwalt-m\u00fccke.de\/wp\/index.php?rest_route=\/wp\/v2\/pages\/115\/revisions"}],"predecessor-version":[{"id":385,"href":"https:\/\/www.rechtsanwalt-m\u00fccke.de\/wp\/index.php?rest_route=\/wp\/v2\/pages\/115\/revisions\/385"}],"up":[{"embeddable":true,"href":"https:\/\/www.rechtsanwalt-m\u00fccke.de\/wp\/index.php?rest_route=\/wp\/v2\/pages\/208"}],"wp:attachment":[{"href":"https:\/\/www.rechtsanwalt-m\u00fccke.de\/wp\/index.php?rest_route=%2Fwp%2Fv2%2Fmedia&parent=115"}],"curies":[{"name":"wp","href":"https:\/\/api.w.org\/{rel}","templated":true}]}}