{"id":254,"date":"2017-05-30T10:41:50","date_gmt":"2017-05-30T08:41:50","guid":{"rendered":"http:\/\/xn--rechtsanwalt-mcke-g3b.de\/wp\/?page_id=254"},"modified":"2017-06-28T08:52:38","modified_gmt":"2017-06-28T06:52:38","slug":"verkehrsrecht","status":"publish","type":"page","link":"https:\/\/www.rechtsanwalt-m\u00fccke.de\/wp\/?page_id=254","title":{"rendered":"Verkehrsrecht"},"content":{"rendered":"<p align=\"LEFT\">Bei einem Verkehrsunfall kann es zu einer Vielzahl von rechtlichen Problemen kommen. Der Schaden wird nicht oder nicht voll ersetzt, der Verlust der Fahrerlaubnis droht, ein Strafverfahren wird eingeleitet \u2026<\/p>\n<p align=\"LEFT\"><strong>Schadensersatz und Schmerzensgeld<\/strong><\/p>\n<p align=\"LEFT\">Bei einem Verkehrsunfall bietet Ihnen die Versicherung des Unfallgegners ein Angebot zur Schadensregulierung an. L\u00e4sst man sich ohne rechtliche Pr\u00fcfung auf das Angebot der Versicherungen ein, kann dies dazu f\u00fchren, dass der Gesch\u00e4digte nicht alles erh\u00e4lt, was ihm zusteht.<\/p>\n<p align=\"LEFT\"><strong>Welche Anspr\u00fcche kommen bei einem Unfall in Frage?<\/strong><\/p>\n<p align=\"LEFT\">&#8211;\u00a0Schadensersatz (z.B. Reparaturkosten)<br \/>\n&#8211; Wertersatz<br \/>\n&#8211;\u00a0Schmerzensgeld<br \/>\n&#8211;\u00a0Nutzungsausfall<br \/>\n&#8211; Mietwagen<br \/>\n&#8211; Kostenpauschale<\/p>\n<p align=\"LEFT\"><strong>Bu\u00dfgeld<\/strong><\/p>\n<p align=\"LEFT\">Im Stra\u00dfenverkehr geht es h\u00e4ufig um folgende Ordnungswidrigkeiten: \u00fcberh\u00f6hte Geschwindigkeit, Rotlichtversto\u00df, Fahren unter Alkoholeinfluss\u2026<\/p>\n<p align=\"LEFT\">Nicht immer ist ein Bu\u00dfgeld berechtigt. Bei ernsthaften Zweifeln an der Rechtm\u00e4\u00dfigkeit des Bu\u00dfgeldes ist eine\u00a0Vertretung durch einen Rechtsanwalt sinnvoll. Dies gilt insbesondere, wenn der Entzug der Fahrerlaubnis droht.<\/p>\n<p align=\"LEFT\"><strong>Strafverfahren<\/strong><\/p>\n<p align=\"LEFT\">Im Stra\u00dfenverkehr geht es h\u00e4ufig um folgende Straftaten: Unerlaubtes Entfernen vom Unfallort, Trunkenheit im Verkehr, Fahren ohne F\u00fchrerschein, fahrl\u00e4ssige K\u00f6rperverletzung&#8230;<\/p>\n<p align=\"LEFT\">Ist es besser zu schweigen oder ist es sinnvoller zu dem Vorwurf Stellung zu nehmen? Diese Fragen k\u00f6nnen nur im Einzelfall richtig beantwortet werden. Zun\u00e4chst sollte der Beschuldigte von seinem Schweigerecht Gebrauch machen, bis gekl\u00e4rt ist, welches die beste Strategie ist.<\/p>\n<p align=\"LEFT\"><strong>Gebrauchtwagenkauf<\/strong><\/p>\n<p align=\"LEFT\">Welche Rechte habe ich als K\u00e4ufer ?<\/p>\n<p align=\"LEFT\">&#8211; R\u00fccktritt<br \/>\n&#8211; Minderung<br \/>\n&#8211; Schadensersatz<br \/>\n&#8211; Anfechtung des Vertrages<\/p>\n<p align=\"LEFT\"><strong>Kosten<\/strong><\/p>\n<p align=\"LEFT\">Bei einem unverschuldeten Verkehrsunfall werden die eigenen Rechtsanwaltskosten komplett von der gegnerischen Versicherung erstattet, falls alle geltend gemachten Anspr\u00fcche berechtigt sind.<\/p>\n<p>&nbsp;<\/p>\n","protected":false},"excerpt":{"rendered":"<p>Bei einem Verkehrsunfall kann es zu einer Vielzahl von rechtlichen Problemen kommen. Der Schaden wird nicht oder nicht voll ersetzt, der Verlust der Fahrerlaubnis droht, ein Strafverfahren wird eingeleitet \u2026 Schadensersatz und Schmerzensgeld Bei einem Verkehrsunfall bietet Ihnen die Versicherung des Unfallgegners ein Angebot zur Schadensregulierung an. L\u00e4sst man sich ohne rechtliche Pr\u00fcfung auf das [&hellip;]<\/p>\n","protected":false},"author":1,"featured_media":0,"parent":14,"menu_order":0,"comment_status":"closed","ping_status":"closed","template":"","meta":{"footnotes":""},"class_list":["post-254","page","type-page","status-publish","hentry"],"_links":{"self":[{"href":"https:\/\/www.rechtsanwalt-m\u00fccke.de\/wp\/index.php?rest_route=\/wp\/v2\/pages\/254","targetHints":{"allow":["GET"]}}],"collection":[{"href":"https:\/\/www.rechtsanwalt-m\u00fccke.de\/wp\/index.php?rest_route=\/wp\/v2\/pages"}],"about":[{"href":"https:\/\/www.rechtsanwalt-m\u00fccke.de\/wp\/index.php?rest_route=\/wp\/v2\/types\/page"}],"author":[{"embeddable":true,"href":"https:\/\/www.rechtsanwalt-m\u00fccke.de\/wp\/index.php?rest_route=\/wp\/v2\/users\/1"}],"replies":[{"embeddable":true,"href":"https:\/\/www.rechtsanwalt-m\u00fccke.de\/wp\/index.php?rest_route=%2Fwp%2Fv2%2Fcomments&post=254"}],"version-history":[{"count":19,"href":"https:\/\/www.rechtsanwalt-m\u00fccke.de\/wp\/index.php?rest_route=\/wp\/v2\/pages\/254\/revisions"}],"predecessor-version":[{"id":375,"href":"https:\/\/www.rechtsanwalt-m\u00fccke.de\/wp\/index.php?rest_route=\/wp\/v2\/pages\/254\/revisions\/375"}],"up":[{"embeddable":true,"href":"https:\/\/www.rechtsanwalt-m\u00fccke.de\/wp\/index.php?rest_route=\/wp\/v2\/pages\/14"}],"wp:attachment":[{"href":"https:\/\/www.rechtsanwalt-m\u00fccke.de\/wp\/index.php?rest_route=%2Fwp%2Fv2%2Fmedia&parent=254"}],"curies":[{"name":"wp","href":"https:\/\/api.w.org\/{rel}","templated":true}]}}