{"id":31,"date":"2015-01-26T11:47:17","date_gmt":"2015-01-26T09:47:17","guid":{"rendered":"http:\/\/brings-online.com\/demo\/wplegal\/?page_id=31"},"modified":"2017-11-03T10:08:36","modified_gmt":"2017-11-03T09:08:36","slug":"markenrecht","status":"publish","type":"page","link":"https:\/\/www.rechtsanwalt-m\u00fccke.de\/wp\/?page_id=31","title":{"rendered":"Familienrecht"},"content":{"rendered":"<p>Als w\u00e4re die emotionale Belastung bei einer Trennung oder Scheidung nicht schon belastend genug,<br \/>\nm\u00fcssen nun auch noch Fragen zum Verm\u00f6gen, Unterhalt und Umgang geregelt werden.<br \/>\nIch helfe Ihnen gerne in folgenden Bereichen:<\/p>\n<p>&#8211; Ehescheidung<br \/>\n&#8211; Ehegattenunterhalt<br \/>\n&#8211; Eheliches G\u00fcterrecht<br \/>\n&#8211; Ehevertr\u00e4ge und Ehescheidungsfolgenvereinbarungen<br \/>\n&#8211; Elternunterhalt \/ Enkelunterhalt<br \/>\n&#8211; Gewaltschutzverfahren<br \/>\n&#8211; internationales Familienrecht<br \/>\n&#8211; Kindesunterhalt<br \/>\n&#8211; Trennungsunterhalt<br \/>\n&#8211; eingetragene Lebenspartnerschaft und nichteheliche Lebensgemeinschaft<br \/>\n&#8211; Sorgerecht nach Trennung und Scheidung<br \/>\n&#8211; Sorgerecht nichtehelicher V\u00e4ter<br \/>\n&#8211; Sorgerechtsentziehung und Jugendamt<br \/>\n&#8211; Umgang mit den Kindern und Enkeln<br \/>\n&#8211; Vaterschaftsfeststellung \/ -anfechtung<br \/>\n&#8211; Versorgungsausgleich<br \/>\n&#8211; Vollstreckung des Unterhalts<\/p>\n","protected":false},"excerpt":{"rendered":"<p>Als w\u00e4re die emotionale Belastung bei einer Trennung oder Scheidung nicht schon belastend genug, m\u00fcssen nun auch noch Fragen zum Verm\u00f6gen, Unterhalt und Umgang geregelt werden. Ich helfe Ihnen gerne in folgenden Bereichen: &#8211; Ehescheidung &#8211; Ehegattenunterhalt &#8211; Eheliches G\u00fcterrecht &#8211; Ehevertr\u00e4ge und Ehescheidungsfolgenvereinbarungen &#8211; Elternunterhalt \/ Enkelunterhalt &#8211; Gewaltschutzverfahren &#8211; internationales Familienrecht &#8211; Kindesunterhalt [&hellip;]<\/p>\n","protected":false},"author":1,"featured_media":0,"parent":14,"menu_order":0,"comment_status":"open","ping_status":"closed","template":"","meta":{"footnotes":""},"class_list":["post-31","page","type-page","status-publish","hentry"],"_links":{"self":[{"href":"https:\/\/www.rechtsanwalt-m\u00fccke.de\/wp\/index.php?rest_route=\/wp\/v2\/pages\/31","targetHints":{"allow":["GET"]}}],"collection":[{"href":"https:\/\/www.rechtsanwalt-m\u00fccke.de\/wp\/index.php?rest_route=\/wp\/v2\/pages"}],"about":[{"href":"https:\/\/www.rechtsanwalt-m\u00fccke.de\/wp\/index.php?rest_route=\/wp\/v2\/types\/page"}],"author":[{"embeddable":true,"href":"https:\/\/www.rechtsanwalt-m\u00fccke.de\/wp\/index.php?rest_route=\/wp\/v2\/users\/1"}],"replies":[{"embeddable":true,"href":"https:\/\/www.rechtsanwalt-m\u00fccke.de\/wp\/index.php?rest_route=%2Fwp%2Fv2%2Fcomments&post=31"}],"version-history":[{"count":5,"href":"https:\/\/www.rechtsanwalt-m\u00fccke.de\/wp\/index.php?rest_route=\/wp\/v2\/pages\/31\/revisions"}],"predecessor-version":[{"id":412,"href":"https:\/\/www.rechtsanwalt-m\u00fccke.de\/wp\/index.php?rest_route=\/wp\/v2\/pages\/31\/revisions\/412"}],"up":[{"embeddable":true,"href":"https:\/\/www.rechtsanwalt-m\u00fccke.de\/wp\/index.php?rest_route=\/wp\/v2\/pages\/14"}],"wp:attachment":[{"href":"https:\/\/www.rechtsanwalt-m\u00fccke.de\/wp\/index.php?rest_route=%2Fwp%2Fv2%2Fmedia&parent=31"}],"curies":[{"name":"wp","href":"https:\/\/api.w.org\/{rel}","templated":true}]}}