{"id":35,"date":"2015-01-26T11:48:16","date_gmt":"2015-01-26T09:48:16","guid":{"rendered":"http:\/\/brings-online.com\/demo\/wplegal\/?page_id=35"},"modified":"2017-11-03T09:45:33","modified_gmt":"2017-11-03T08:45:33","slug":"strafrecht","status":"publish","type":"page","link":"https:\/\/www.rechtsanwalt-m\u00fccke.de\/wp\/?page_id=35","title":{"rendered":"Mietrecht"},"content":{"rendered":"<p>H\u00e4ufig kommt es im Mietrecht zum Streit zwischen Mieter und Vermieter.<br \/>\nIch berate und vertrete Sie in folgenden Bereichen:<\/p>\n<p>&#8211; Gestaltung von Mietvertr\u00e4gen<br \/>\n&#8211; Mietm\u00e4ngel und Mietminderung<br \/>\n&#8211; Durchsetzung von Mietr\u00fcckst\u00e4nden<br \/>\n&#8211; \u00dcberpr\u00fcfung von Nebenkostenabrechnungen<br \/>\n&#8211; Mieterh\u00f6hungen<br \/>\n&#8211; Sch\u00f6nheitsreparaturen<br \/>\n&#8211; K\u00fcndigung des Mietverh\u00e4ltnisses<br \/>\n&#8211; R\u00e4umungsklagen<br \/>\n&#8211; Kaution und Kautionsr\u00fcckzahlung<\/p>\n","protected":false},"excerpt":{"rendered":"<p>H\u00e4ufig kommt es im Mietrecht zum Streit zwischen Mieter und Vermieter. Ich berate und vertrete Sie in folgenden Bereichen: &#8211; Gestaltung von Mietvertr\u00e4gen &#8211; Mietm\u00e4ngel und Mietminderung &#8211; Durchsetzung von Mietr\u00fcckst\u00e4nden &#8211; \u00dcberpr\u00fcfung von Nebenkostenabrechnungen &#8211; Mieterh\u00f6hungen &#8211; Sch\u00f6nheitsreparaturen &#8211; K\u00fcndigung des Mietverh\u00e4ltnisses &#8211; R\u00e4umungsklagen &#8211; Kaution und Kautionsr\u00fcckzahlung<\/p>\n","protected":false},"author":1,"featured_media":0,"parent":14,"menu_order":0,"comment_status":"open","ping_status":"closed","template":"","meta":{"footnotes":""},"class_list":["post-35","page","type-page","status-publish","hentry"],"_links":{"self":[{"href":"https:\/\/www.rechtsanwalt-m\u00fccke.de\/wp\/index.php?rest_route=\/wp\/v2\/pages\/35","targetHints":{"allow":["GET"]}}],"collection":[{"href":"https:\/\/www.rechtsanwalt-m\u00fccke.de\/wp\/index.php?rest_route=\/wp\/v2\/pages"}],"about":[{"href":"https:\/\/www.rechtsanwalt-m\u00fccke.de\/wp\/index.php?rest_route=\/wp\/v2\/types\/page"}],"author":[{"embeddable":true,"href":"https:\/\/www.rechtsanwalt-m\u00fccke.de\/wp\/index.php?rest_route=\/wp\/v2\/users\/1"}],"replies":[{"embeddable":true,"href":"https:\/\/www.rechtsanwalt-m\u00fccke.de\/wp\/index.php?rest_route=%2Fwp%2Fv2%2Fcomments&post=35"}],"version-history":[{"count":6,"href":"https:\/\/www.rechtsanwalt-m\u00fccke.de\/wp\/index.php?rest_route=\/wp\/v2\/pages\/35\/revisions"}],"predecessor-version":[{"id":408,"href":"https:\/\/www.rechtsanwalt-m\u00fccke.de\/wp\/index.php?rest_route=\/wp\/v2\/pages\/35\/revisions\/408"}],"up":[{"embeddable":true,"href":"https:\/\/www.rechtsanwalt-m\u00fccke.de\/wp\/index.php?rest_route=\/wp\/v2\/pages\/14"}],"wp:attachment":[{"href":"https:\/\/www.rechtsanwalt-m\u00fccke.de\/wp\/index.php?rest_route=%2Fwp%2Fv2%2Fmedia&parent=35"}],"curies":[{"name":"wp","href":"https:\/\/api.w.org\/{rel}","templated":true}]}}