{"id":41,"date":"2015-01-26T11:50:21","date_gmt":"2015-01-26T09:50:21","guid":{"rendered":"http:\/\/brings-online.com\/demo\/wplegal\/?page_id=41"},"modified":"2017-06-28T08:51:39","modified_gmt":"2017-06-28T06:51:39","slug":"insolvenzrecht","status":"publish","type":"page","link":"https:\/\/www.rechtsanwalt-m\u00fccke.de\/wp\/?page_id=41","title":{"rendered":"Erbrecht"},"content":{"rendered":"<p><strong>Berliner Testament<br \/>\n<\/strong>Ehegatten und eingetragene Lebenspartner k\u00f6nnen ein gemeinschaftliches Testament errichten.<\/p>\n<p><strong>Behindertentestament<br \/>\n<\/strong>Wenn im Erbfall Verm\u00f6gen an Personen \u00fcbertragen werden soll, die dauerhaft auf staatliche Leistungen angewiesen sind, besteht die Gefahr, dass der Sozialhilfetr\u00e4ger im Erbfall auf das geerbte Verm\u00f6gen zugreift und die Leistungen k\u00fcrzt oder einstellt. Hier kann das Konstrukt des Behindertentestaments weiterhelfen.<\/p>\n<p><strong>Pflichtteil<br \/>\n<\/strong>Wer im Testament oder Erbvertrag enterbt worden ist, hat unter bestimmten Verwandschaftsverh\u00e4ltnissen Anspruch auf einen Pflichtteil. Der Pflichtteil betr\u00e4gt die H\u00e4lfte des gesetzlichen Erbteils. Eine Entziehung des Pflichtteils ist nur unter strengen Voraussetzungen m\u00f6glich, z.B. wenn der Pflichtteilsberechtigte dem Erblasser nach dem Leben trachtet.<\/p>\n<p><strong>Verm\u00e4chtnis<br \/>\n<\/strong>Der Erblasser kann in seinem Testament Verm\u00e4chtnisse anordnen. Das bedeutet, dass er anderen bestimmte Gegenst\u00e4nde nach seinem Tod zukommen l\u00e4sst, ohne dass diese Personen am sonstigen Nachlass beteiligt werden. Dies unterscheidet Verm\u00e4chtnisnehmer von Erben, die einen Anteil an den Nachlassgegenst\u00e4nden in H\u00f6he ihrer Erbquoten erhalten.<\/p>\n<p><strong>Erbengemeinschaft<br \/>\n<\/strong>In Erbengemeinschaften k\u00f6nnen alle Entscheidungen grunds\u00e4tzlich nur einstimmig getroffen werden.<\/p>\n<p><strong>Erbausschlagung<br \/>\n<\/strong>Wer als gesetzlicher oder testamentarischer Erbe berufen ist, die Erbschaft z.B. wegen \u00dcberschuldung des Erblassers aber nicht antreten will, muss sie innerhalb von sechs Wochen ausschlagen.<\/p>\n<p><strong>Vorerbschaft und Nacherbschaft<br \/>\n<\/strong>Wenn ein Erbe als Vorerbe eingesetzt wird, hat dies zur Folge, dass bei seinem Tod das der Vorerbschaft unterliegende Verm\u00f6gen direkt auf den Nacherben \u00fcbergeht, ohne dass der Vorerbe dieses beeinflussen k\u00f6nnte.<\/p>\n<p>&nbsp;<\/p>\n<p>&nbsp;<\/p>\n<p>&nbsp;<\/p>\n","protected":false},"excerpt":{"rendered":"<p>Berliner Testament Ehegatten und eingetragene Lebenspartner k\u00f6nnen ein gemeinschaftliches Testament errichten. Behindertentestament Wenn im Erbfall Verm\u00f6gen an Personen \u00fcbertragen werden soll, die dauerhaft auf staatliche Leistungen angewiesen sind, besteht die Gefahr, dass der Sozialhilfetr\u00e4ger im Erbfall auf das geerbte Verm\u00f6gen zugreift und die Leistungen k\u00fcrzt oder einstellt. Hier kann das Konstrukt des Behindertentestaments weiterhelfen. Pflichtteil [&hellip;]<\/p>\n","protected":false},"author":1,"featured_media":0,"parent":14,"menu_order":0,"comment_status":"open","ping_status":"closed","template":"","meta":{"footnotes":""},"class_list":["post-41","page","type-page","status-publish","hentry"],"_links":{"self":[{"href":"https:\/\/www.rechtsanwalt-m\u00fccke.de\/wp\/index.php?rest_route=\/wp\/v2\/pages\/41","targetHints":{"allow":["GET"]}}],"collection":[{"href":"https:\/\/www.rechtsanwalt-m\u00fccke.de\/wp\/index.php?rest_route=\/wp\/v2\/pages"}],"about":[{"href":"https:\/\/www.rechtsanwalt-m\u00fccke.de\/wp\/index.php?rest_route=\/wp\/v2\/types\/page"}],"author":[{"embeddable":true,"href":"https:\/\/www.rechtsanwalt-m\u00fccke.de\/wp\/index.php?rest_route=\/wp\/v2\/users\/1"}],"replies":[{"embeddable":true,"href":"https:\/\/www.rechtsanwalt-m\u00fccke.de\/wp\/index.php?rest_route=%2Fwp%2Fv2%2Fcomments&post=41"}],"version-history":[{"count":6,"href":"https:\/\/www.rechtsanwalt-m\u00fccke.de\/wp\/index.php?rest_route=\/wp\/v2\/pages\/41\/revisions"}],"predecessor-version":[{"id":380,"href":"https:\/\/www.rechtsanwalt-m\u00fccke.de\/wp\/index.php?rest_route=\/wp\/v2\/pages\/41\/revisions\/380"}],"up":[{"embeddable":true,"href":"https:\/\/www.rechtsanwalt-m\u00fccke.de\/wp\/index.php?rest_route=\/wp\/v2\/pages\/14"}],"wp:attachment":[{"href":"https:\/\/www.rechtsanwalt-m\u00fccke.de\/wp\/index.php?rest_route=%2Fwp%2Fv2%2Fmedia&parent=41"}],"curies":[{"name":"wp","href":"https:\/\/api.w.org\/{rel}","templated":true}]}}